{"id":154,"date":"2016-04-24T10:59:58","date_gmt":"2016-04-24T09:59:58","guid":{"rendered":"http:\/\/hasenbrau.ch\/wordpress\/?page_id=154"},"modified":"2026-04-03T09:28:54","modified_gmt":"2026-04-03T08:28:54","slug":"die-brauerei","status":"publish","type":"page","link":"https:\/\/hasenbrau.ch\/wordpress\/die-brauerei\/","title":{"rendered":"Die Brauerei"},"content":{"rendered":"<p>Es war einmal im Sommer 2014, als drei Freunde in der Hafenbar nach ein paar wenigen Bieren eine richtig gute Idee hatten. Die dazugeh\u00f6rige Garage war bald gefunden und das ganze geriet ausser Kontrolle.<\/p>\n<p>Bis im Sommer 2025 veranstalteten wir alle paar Wochen einen Brautag. In aller \u00d6ffentlichkeit und unter freiem Himmel haben wir Bier gebraut und mit unseren Freunden unsere neuesten Kreationen verkostet. Aktuell richten wir eine neue Brauerei ein und am 18.04.26 er\u00f6ffnen wir an einem neuen Standort!<\/p>\n<p>Wir sind ein privater Verein und unser Bier steht nicht zum Verkauf.<\/p>\n<p><img loading=\"lazy\" decoding=\"async\" class=\"alignnone size-large wp-image-183\" src=\"http:\/\/hasenbrau.ch\/wordpress\/wp-content\/uploads\/2016\/04\/20151122_163703-1-1024x576.jpg\" alt=\"20151122_163703\" width=\"640\" height=\"360\" srcset=\"https:\/\/hasenbrau.ch\/wordpress\/wp-content\/uploads\/2016\/04\/20151122_163703-1-1024x576.jpg 1024w, https:\/\/hasenbrau.ch\/wordpress\/wp-content\/uploads\/2016\/04\/20151122_163703-1-300x169.jpg 300w, https:\/\/hasenbrau.ch\/wordpress\/wp-content\/uploads\/2016\/04\/20151122_163703-1-768x432.jpg 768w, https:\/\/hasenbrau.ch\/wordpress\/wp-content\/uploads\/2016\/04\/20151122_163703-1-600x338.jpg 600w\" sizes=\"auto, (max-width: 640px) 100vw, 640px\" \/><\/p>\n<p>Noch was f\u00fcr Technik-Freaks: Unser Fermenter kann man \u00fcber das Internet \u00fcberwachen &#8211; schaue <a href=\"http:\/\/hasenbrau.ddnss.ch\/\">hier<\/a>!<\/p>\n","protected":false},"excerpt":{"rendered":"<p>Es war einmal im Sommer 2014, als drei Freunde in der Hafenbar nach ein paar wenigen Bieren eine richtig gute Idee hatten. Die dazugeh\u00f6rige Garage war bald gefunden und das ganze geriet ausser Kontrolle. Bis im Sommer 2025 veranstalteten wir alle paar Wochen einen Brautag. In aller \u00d6ffentlichkeit und unter freiem Himmel haben wir Bier [&hellip;]<\/p>\n","protected":false},"author":1,"featured_media":0,"parent":0,"menu_order":0,"comment_status":"closed","ping_status":"closed","template":"","meta":{"footnotes":""},"class_list":["post-154","page","type-page","status-publish"],"_links":{"self":[{"href":"https:\/\/hasenbrau.ch\/wordpress\/wp-json\/wp\/v2\/pages\/154","targetHints":{"allow":["GET"]}}],"collection":[{"href":"https:\/\/hasenbrau.ch\/wordpress\/wp-json\/wp\/v2\/pages"}],"about":[{"href":"https:\/\/hasenbrau.ch\/wordpress\/wp-json\/wp\/v2\/types\/page"}],"author":[{"embeddable":true,"href":"https:\/\/hasenbrau.ch\/wordpress\/wp-json\/wp\/v2\/users\/1"}],"replies":[{"embeddable":true,"href":"https:\/\/hasenbrau.ch\/wordpress\/wp-json\/wp\/v2\/comments?post=154"}],"version-history":[{"count":9,"href":"https:\/\/hasenbrau.ch\/wordpress\/wp-json\/wp\/v2\/pages\/154\/revisions"}],"predecessor-version":[{"id":1001,"href":"https:\/\/hasenbrau.ch\/wordpress\/wp-json\/wp\/v2\/pages\/154\/revisions\/1001"}],"wp:attachment":[{"href":"https:\/\/hasenbrau.ch\/wordpress\/wp-json\/wp\/v2\/media?parent=154"}],"curies":[{"name":"wp","href":"https:\/\/api.w.org\/{rel}","templated":true}]}}